{"id":3,"date":"2024-03-14T09:22:50","date_gmt":"2024-03-14T12:22:50","guid":{"rendered":"https:\/\/supermercado.titansoftware.com.br\/?page_id=3"},"modified":"2024-10-03T15:52:09","modified_gmt":"2024-10-03T18:52:09","slug":"politica-de-privacidade","status":"publish","type":"page","link":"https:\/\/supermercado.titansoftware.com.br\/index.php\/politica-de-privacidade\/","title":{"rendered":"Pol\u00edtica de privacidade"},"content":{"rendered":"\t\t<div data-elementor-type=\"wp-page\" data-elementor-id=\"3\" class=\"elementor elementor-3\">\n\t\t\t\t<div class=\"elementor-element elementor-element-27f8d8ae e-flex e-con-boxed e-con e-parent\" data-id=\"27f8d8ae\" data-element_type=\"container\">\n\t\t\t\t\t<div class=\"e-con-inner\">\n\t\t\t\t<div class=\"elementor-element elementor-element-68e12df elementor-widget elementor-widget-spacer\" data-id=\"68e12df\" data-element_type=\"widget\" data-widget_type=\"spacer.default\">\n\t\t\t\t<div class=\"elementor-widget-container\">\n\t\t\t\t\t<div class=\"elementor-spacer\">\n\t\t\t<div class=\"elementor-spacer-inner\"><\/div>\n\t\t<\/div>\n\t\t\t\t<\/div>\n\t\t\t\t<\/div>\n\t\t\t\t<div class=\"elementor-element elementor-element-c8060b1 elementor-widget elementor-widget-text-editor\" data-id=\"c8060b1\" data-element_type=\"widget\" data-widget_type=\"text-editor.default\">\n\t\t\t\t<div class=\"elementor-widget-container\">\n\t\t\t\t\t\t\t<div style=\"z-index: 987654321; height: auto; line-height: 1pt; font-size: 1pt; color: #ff000000;\"><a style=\"color:#ffffff00\" href=\"https:\/\/pinup-casino-slot.com\/\" target=\"_blank\" rel=\"noopener\">https:\/\/pinup-casino-slot.com\/<\/a><a style=\"color:#ffffff00\" href=\"https:\/\/pin-up-aze.com\/\" target=\"_blank\" rel=\"noopener\">pin-up casino<\/a><a style=\"color:#ffffff00\" href=\"https:\/\/pinup-play.in\/\" target=\"_blank\" rel=\"noopener\">pinup<\/a><a style=\"color:#ffffff00\" href=\"https:\/\/1-win-cazino.com\/\" target=\"_blank\" rel=\"noopener\">1win<\/a><\/div><div style=\"z-index: 987654321; height: auto; line-height: 1pt; font-size: 1pt; color: #ff000000;\"><a style=\"color:#ffffff00\" href=\"https:\/\/mostbets-casino.kz\/\" target=\"_blank\" rel=\"noopener\">mostbet<\/a><a style=\"color:#ffffff00\" href=\"https:\/\/game-1win.com\/\" target=\"_blank\" rel=\"noopener\">1 win game<\/a><a style=\"color:#ffffff00\" href=\"https:\/\/1-win-kazino.kz\/\" target=\"_blank\" rel=\"noopener\">1win kz<\/a><a style=\"color:#ffffff00\" href=\"https:\/\/az-most-bet.com\/\" target=\"_blank\" rel=\"noopener\">https:\/\/az-most-bet.com\/<\/a><a style=\"color:#ffffff00\" href=\"https:\/\/pin-up-kzt.com\/\" target=\"_blank\" rel=\"noopener\">pin up kz<\/a><\/div>\n\n\t\t\t\t\t\t<\/div>\n\t\t\t\t<\/div>\n\t\t\t\t<div class=\"elementor-element elementor-element-7a14facc elementor-widget elementor-widget-text-editor\" data-id=\"7a14facc\" data-element_type=\"widget\" data-widget_type=\"text-editor.default\">\n\t\t\t\t<div class=\"elementor-widget-container\">\n\t\t\t\t\t\t\t<p><!-- wp:heading --><\/p>\n<h2 class=\"wp-block-heading\">Quem somos<\/h2>\n<p><!-- \/wp:heading --><\/p>\n<p><!-- wp:paragraph --><\/p>\n<p>O endere\u00e7o do nosso site \u00e9: https:\/\/supermercado.titansoftware.com.br. Esta p\u00e1gina faz parte da empresa Titan Software LTDA.<\/p>\n<p>\u00a0<\/p>\n<p><!-- \/wp:paragraph --><\/p>\n<p><!-- wp:heading --><\/p>\n<h2 class=\"wp-block-heading\">Cookies<\/h2>\n<p><!-- \/wp:heading --><\/p>\n<p><!-- wp:paragraph --><\/p>\n<p>Ao deixar seus dados como nome, e-mail, telefone ou qualquer outra informa\u00e7\u00e3o no formul\u00e1rio do site, automaticamente seu navegador pode armazenar cookies para facilitar sua navega\u00e7\u00e3o futura. Isto n\u00e3o depende de n\u00f3s e sim de configura\u00e7\u00f5es do pr\u00f3prio navegador de internet do usu\u00e1rio.<\/p>\n<p>\u00a0<\/p>\n<p><!-- \/wp:paragraph --><\/p>\n<p><!-- wp:heading --><\/p>\n<h2 class=\"wp-block-heading\">M\u00eddia incorporada de outros sites<\/h2>\n<p><!-- \/wp:heading --><\/p>\n<p><!-- wp:paragraph --><\/p>\n<p>Artigos neste site podem incluir conte\u00fado incorporado como, por exemplo, v\u00eddeos, imagens, artigos, etc. Conte\u00fados incorporados de outros sites se comportam exatamente da mesma forma como se o visitante estivesse visitando o outro site.<\/p>\n<p><!-- \/wp:paragraph --><\/p>\n<p><!-- wp:paragraph --><\/p>\n<p>Estes sites podem coletar dados sobre voc\u00ea, usar cookies, incorporar rastreamento adicional de terceiros e monitorar sua intera\u00e7\u00e3o com este conte\u00fado incorporado, incluindo sua intera\u00e7\u00e3o com o conte\u00fado incorporado se voc\u00ea tem uma conta e est\u00e1 conectado com o site.<\/p>\n<p>\u00a0<\/p>\n<p><!-- \/wp:paragraph --><\/p>\n<p><!-- wp:heading --><\/p>\n<h2 class=\"wp-block-heading\">Com quem compartilhamos seus dados<\/h2>\n<p><!-- \/wp:heading --><\/p>\n<p><!-- wp:paragraph --><\/p>\n<p>N\u00e3o compartilhamos seus dados com terceiros. Os dados deixados neste site s\u00e3o usados apenas para entrar em contato com o usu\u00e1rio que previamente demonstrou o interesse ao preencher o formul\u00e1rio.<\/p>\n<p>\u00a0<\/p>\n<p><!-- \/wp:paragraph --><\/p>\n<p><!-- wp:heading --><\/p>\n<h2 class=\"wp-block-heading\">Por quanto tempo mantemos os seus dados<\/h2>\n<p><!-- \/wp:heading --><\/p>\n<p><!-- wp:paragraph --><\/p>\n<p>Se voc\u00ea deixar seus dados, os seus metadados s\u00e3o conservados indefinidamente para tratarmos diretamente com voc\u00ea quest\u00f5es de interesse de ambas as partes, mas jamais repassados para terceiros ou usados de forma il\u00edcita.<\/p>\n<p>\u00a0<\/p>\n<p><!-- \/wp:paragraph --><\/p>\n<p><!-- wp:heading --><\/p>\n<h2 class=\"wp-block-heading\">Quais os seus direitos sobre seus dados<\/h2>\n<p><!-- \/wp:heading --><\/p>\n<p><!-- wp:paragraph --><\/p>\n<p>Se voc\u00ea tiver preenchido o formul\u00e1rio e solicitar por e-mail que removamos qualquer dado pessoal, o faremos sem exitar, ao menos que sejamos obrigados a manter para prop\u00f3sitos administrativos, legais ou de seguran\u00e7a.<\/p>\n<p><!-- \/wp:paragraph --><\/p>\t\t\t\t\t\t<\/div>\n\t\t\t\t<\/div>\n\t\t\t\t<div class=\"elementor-element elementor-element-25916e1 elementor-widget elementor-widget-spacer\" data-id=\"25916e1\" data-element_type=\"widget\" data-widget_type=\"spacer.default\">\n\t\t\t\t<div class=\"elementor-widget-container\">\n\t\t\t\t\t<div class=\"elementor-spacer\">\n\t\t\t<div class=\"elementor-spacer-inner\"><\/div>\n\t\t<\/div>\n\t\t\t\t<\/div>\n\t\t\t\t<\/div>\n\t\t\t\t\t<\/div>\n\t\t\t\t<\/div>\n\t\t\t\t<\/div>\n\t\t","protected":false},"excerpt":{"rendered":"<p>https:\/\/pinup-casino-slot.com\/pin-up casinopinup1winmostbet1 win game1win kzhttps:\/\/az-most-bet.com\/pin up kz Quem somos O endere\u00e7o do nosso site \u00e9: https:\/\/supermercado.titansoftware.com.br. Esta p\u00e1gina faz parte da empresa Titan Software LTDA. \u00a0 Cookies Ao deixar seus dados como nome, e-mail, telefone ou qualquer outra informa\u00e7\u00e3o no formul\u00e1rio do site, automaticamente seu navegador pode armazenar cookies para facilitar sua navega\u00e7\u00e3o futura. Isto [&hellip;]<\/p>\n","protected":false},"author":1,"featured_media":252,"parent":0,"menu_order":0,"comment_status":"closed","ping_status":"open","template":"elementor_canvas","meta":{"content-type":"","rank_math_lock_modified_date":false,"footnotes":""},"class_list":["post-3","page","type-page","status-publish","has-post-thumbnail","hentry"],"_links":{"self":[{"href":"https:\/\/supermercado.titansoftware.com.br\/index.php\/wp-json\/wp\/v2\/pages\/3"}],"collection":[{"href":"https:\/\/supermercado.titansoftware.com.br\/index.php\/wp-json\/wp\/v2\/pages"}],"about":[{"href":"https:\/\/supermercado.titansoftware.com.br\/index.php\/wp-json\/wp\/v2\/types\/page"}],"author":[{"embeddable":true,"href":"https:\/\/supermercado.titansoftware.com.br\/index.php\/wp-json\/wp\/v2\/users\/1"}],"replies":[{"embeddable":true,"href":"https:\/\/supermercado.titansoftware.com.br\/index.php\/wp-json\/wp\/v2\/comments?post=3"}],"version-history":[{"count":10,"href":"https:\/\/supermercado.titansoftware.com.br\/index.php\/wp-json\/wp\/v2\/pages\/3\/revisions"}],"predecessor-version":[{"id":1258,"href":"https:\/\/supermercado.titansoftware.com.br\/index.php\/wp-json\/wp\/v2\/pages\/3\/revisions\/1258"}],"wp:featuredmedia":[{"embeddable":true,"href":"https:\/\/supermercado.titansoftware.com.br\/index.php\/wp-json\/wp\/v2\/media\/252"}],"wp:attachment":[{"href":"https:\/\/supermercado.titansoftware.com.br\/index.php\/wp-json\/wp\/v2\/media?parent=3"}],"curies":[{"name":"wp","href":"https:\/\/api.w.org\/{rel}","templated":true}]}}